{"id":2703,"date":"2020-09-18T21:44:22","date_gmt":"2020-09-19T00:44:22","guid":{"rendered":"https:\/\/estancialapelada.com\/site\/?page_id=2703"},"modified":"2020-09-18T21:59:18","modified_gmt":"2020-09-19T00:59:18","slug":"remate_140920_resultados","status":"publish","type":"page","link":"https:\/\/estancialapelada.com\/site\/remate_140920_resultados\/","title":{"rendered":"Gran Remate \u00abLos Puros de La Pelada\u00bb &#8211; resultados"},"content":{"rendered":"<p><div class=\"fusion-fullwidth fullwidth-box fusion-builder-row-1 nonhundred-percent-fullwidth non-hundred-percent-height-scrolling\"  style='background-color: rgba(255,255,255,0);background-position: center center;background-repeat: no-repeat;padding-top:0px;padding-right:0px;padding-bottom:0px;padding-left:0px;'><div class=\"fusion-builder-row fusion-row \"><div  class=\"fusion-layout-column fusion_builder_column fusion_builder_column_1_1 fusion-builder-column-1 fusion-one-full fusion-column-first fusion-column-last 1_1\"  style='margin-top:0px;margin-bottom:100px;'>\n\t\t\t\t\t<div class=\"fusion-column-wrapper\" style=\"padding: 0px 0px 0px 0px;background-position:left top;background-repeat:no-repeat;-webkit-background-size:cover;-moz-background-size:cover;-o-background-size:cover;background-size:cover;\"   data-bg-url=\"\">\n\t\t\t\t\t\t<div class=\"fusion-clearfix\"><\/div>\n\n\t\t\t\t\t<\/div>\n\t\t\t\t<\/div><\/div><\/div><div class=\"fusion-fullwidth fullwidth-box fusion-builder-row-2 nonhundred-percent-fullwidth non-hundred-percent-height-scrolling\"  style='background-color: rgba(255,255,255,0);background-position: center center;background-repeat: no-repeat;padding-top:0px;padding-right:0px;padding-bottom:0px;padding-left:0px;'><div class=\"fusion-builder-row fusion-row \"><div  class=\"fusion-layout-column fusion_builder_column fusion_builder_column_1_1 fusion-builder-column-2 fusion-one-full fusion-column-first fusion-column-last 1_1\"  style='margin-top:0px;margin-bottom:50px;'>\n\t\t\t\t\t<div class=\"fusion-column-wrapper\" style=\"padding: 0px 0px 0px 0px;background-position:left top;background-repeat:no-repeat;-webkit-background-size:cover;-moz-background-size:cover;-o-background-size:cover;background-size:cover;\"   data-bg-url=\"\">\n\t\t\t\t\t\t<div class=\"fusion-video fusion-youtube fusion-aligncenter\" style=\"max-width:1000px;max-height:563px; width:100%\"><div class=\"video-shortcode\"><iframe title=\"YouTube video player\" src=\"https:\/\/www.youtube.com\/embed\/TRNsO54qwaE?wmode=transparent&autoplay=0&amp;start=930;&amp;rel=0\" width=\"1000\" height=\"563\" allowfullscreen allow=\"autoplay; fullscreen\"><\/iframe><\/div><\/div><div class=\"fusion-text\"><h6 style=\"text-align: center;\">Pulse sobre la imagen para volver a ver la transmisi\u00f3n.<\/h6>\n<\/div><div class=\"fusion-clearfix\"><\/div>\n\n\t\t\t\t\t<\/div>\n\t\t\t\t<\/div><\/div><\/div><div class=\"fusion-fullwidth fullwidth-box fusion-builder-row-3 nonhundred-percent-fullwidth non-hundred-percent-height-scrolling\"  style='background-color: rgba(255,255,255,0);background-position: center center;background-repeat: no-repeat;padding-top:0px;padding-right:0px;padding-bottom:0px;padding-left:0px;'><div class=\"fusion-builder-row fusion-row \"><div  class=\"fusion-layout-column fusion_builder_column fusion_builder_column_1_6 fusion-builder-column-3 fusion-one-sixth fusion-column-first 1_6\"  style='margin-top:0px;margin-bottom:50px;width:16.66%;width:calc(16.66% - ( ( 4% + 4% ) * 0.1666 ) );margin-right: 4%;'>\n\t\t\t\t\t<div class=\"fusion-column-wrapper\" style=\"padding: 0px 0px 0px 0px;background-position:left top;background-repeat:no-repeat;-webkit-background-size:cover;-moz-background-size:cover;-o-background-size:cover;background-size:cover;\"   data-bg-url=\"\">\n\t\t\t\t\t\t<div class=\"fusion-clearfix\"><\/div>\n\n\t\t\t\t\t<\/div>\n\t\t\t\t<\/div><div  class=\"fusion-layout-column fusion_builder_column fusion_builder_column_2_3 fusion-builder-column-4 fusion-two-third 2_3\"  style='margin-top:0px;margin-bottom:50px;width:66.66%;width:calc(66.66% - ( ( 4% + 4% ) * 0.6666 ) );margin-right: 4%;'>\n\t\t\t\t\t<div class=\"fusion-column-wrapper\" style=\"padding: 0px 0px 0px 0px;background-position:left top;background-repeat:no-repeat;-webkit-background-size:cover;-moz-background-size:cover;-o-background-size:cover;background-size:cover;\"   data-bg-url=\"\">\n\t\t\t\t\t\t<style type=\"text\/css\"><\/style><div class=\"fusion-title title fusion-title-1 fusion-title-center fusion-title-text fusion-title-size-two\" style=\"margin-top:0px;margin-bottom:20px;\"><div class=\"title-sep-container title-sep-container-left\"><div class=\"title-sep sep-single sep-solid\" style=\"border-color:rgba(255,255,255,.2);\"><\/div><\/div><h2 class=\"title-heading-center\" style=\"margin:0;\"><p style=\"text-align: center;\">Resultados de nuestro remate<\/p><\/h2><div class=\"title-sep-container title-sep-container-right\"><div class=\"title-sep sep-single sep-solid\" style=\"border-color:rgba(255,255,255,.2);\"><\/div><\/div><\/div><style type=\"text\/css\"><\/style><div class=\"fusion-title title fusion-title-2 fusion-title-center fusion-title-text fusion-title-size-one\" style=\"margin-top:0px;margin-bottom:20px;\"><div class=\"title-sep-container title-sep-container-left\"><div class=\"title-sep sep-single sep-solid\" style=\"border-color:rgba(255,255,255,.2);\"><\/div><\/div><h1 class=\"title-heading-center\" style=\"margin:0;\"><p style=\"text-align: center;\">\u00abLos Puros de La Pelada\u00bb<\/p><\/h1><div class=\"title-sep-container title-sep-container-right\"><div class=\"title-sep sep-single sep-solid\" style=\"border-color:rgba(255,255,255,.2);\"><\/div><\/div><\/div><div class=\"fusion-text fusion-no-small-visibility\"><p>Este pasado lunes 14 de septiembre tuvo lugar el segundo remate virtual de Estancia La Pelada y Caba\u00f1a Marcaojo \u00abLos Puros de La Pelada,\u00bb por nuestro sitio, por Canal Ganadero y por Canal Rural. Con un importante alcance regional e inclusive internacional, fueron vendidos casi 90 machos y 100 hembras de las razas Braford y Brahman con una alta participaci\u00f3n de animales puros de pedigree de ambas razas. Los promedios logrados nos dejaron muy conformes. Resultaron m\u00e1s de 60 compradores, la mayor\u00eda provenientes del norte argentino as\u00ed como de zonas menos tradicionales para el Braford como Necochea. Nos da mucho \u00e1nimo y orgullo que la gen\u00e9tica Marcaojo logre una mayor penetraci\u00f3n entre los productores de diferentes zonas del pa\u00eds, y que los compradores puedan apreciar las aptitudes carniceras del Braford. La presencia internacional incluy\u00f3 ofertantes de Colombia y Bolivia, el \u00faltimo de los cuales ser\u00e1 el destino de la ternera \u00abTemerosa\u00bb RP 11816, una hija de Amapola (l\u00ednea Adan), la Gran Campe\u00f3n Hembra en la Exposici\u00f3n Nacional Braford de Corrientes 2016.<\/p>\n<p>El remate abri\u00f3 con RP 7321, un hijo de Xpo con l\u00ednea materna Grandeur, logrando un precio de $580.000. Fue seguido por el toro Braford de precio m\u00e1s alto del remate, RP 3087, hijo de nuestro Gran Campe\u00f3n y Gran Padre Lagrimita, en $630.000. Los toros 3\/8 3 a\u00f1os a corral lograron precios de hasta $410.000 con un promedio de $245000. Los toros Brahman PP obtuvieron un precio promedio de $238.000.<\/p>\n<p>En cuanto a hembras, el valor m\u00e1s alto del remate lo obtuvo la antes mencionada ternera \u00abTemerosa\u00bb con $740.000 mientras que las vaquillonas Braford pre\u00f1adas a bozal obtuvieron un precio m\u00e1ximo de $570.000 y promedio de $308.000. Las hembras Brahman PP lograron precios entre $180.000 y $250.000 pesos. Las vaquillonas Braford a corral subieron a $250000 con un promedio de $95000.<\/p>\n<p>Todos los integrantes de La Pelada agradecemos la participaci\u00f3n y apoyo de todos los clientes y amigos que estuvieron presentes. La convocatoria del lunes nos dej\u00f3 muy conformes con la venta de la mayor\u00eda de los lotes a muy buenos precios. En cuanto a las condiciones de venta, se otorg\u00f3 un plazo de pago de hasta 180 d\u00edas con el 10% de inter\u00e9s.<\/p>\n<\/p>\n<div class=\"table-1\">\n<table width=\"100%\">\n<thead>\n<tr>\n<th align=\"center\">Detalle<\/th>\n<th align=\"center\">Total A Venta<\/th>\n<th align=\"center\">Total Vendido<\/th>\n<th align=\"center\">Precio M\u00e1ximo<\/th>\n<th align=\"center\">Precio M\u00ednimo<\/th>\n<th align=\"center\">Promedio<\/th>\n<\/tr>\n<\/thead>\n<tbody>\n<tr>\n<td align=\"center\">TOROS BRAFORD 3\/8 &#8211; 3 A\u00d1OS<\/td>\n<td align=\"center\">88<\/td>\n<td align=\"center\">72<\/td>\n<td align=\"center\">410,000<\/td>\n<td align=\"center\">190,000<\/td>\n<td align=\"center\">245,000<\/td>\n<\/tr>\n<tr>\n<td align=\"center\">TOROS BRAFORD PP BOZAL<\/td>\n<td align=\"center\">6<\/td>\n<td align=\"center\">6<\/td>\n<td align=\"center\">630,000<\/td>\n<td align=\"center\">270,000<\/td>\n<td align=\"center\">500,000<\/td>\n<\/tr>\n<tr>\n<td align=\"center\">TOROS BRAHMAN PP<\/td>\n<td align=\"center\">12<\/td>\n<td align=\"center\">11<\/td>\n<td align=\"center\">300,000<\/td>\n<td align=\"center\">200,000<\/td>\n<td align=\"center\">238,000<\/td>\n<\/tr>\n<tr>\n<th align=\"center\">TOTALES TOROS<\/th>\n<td align=\"center\"><\/td>\n<td align=\"center\"><\/td>\n<td align=\"center\"><\/td>\n<td align=\"center\"><\/td>\n<th align=\"center\">261,500<\/th>\n<\/tr>\n<tr>\n<td align=\"center\">TERNERAS BRAFORD PP BOZAL<\/td>\n<td align=\"center\">3<\/td>\n<td align=\"center\">3<\/td>\n<td align=\"center\">740,000<\/td>\n<td align=\"center\">350,000<\/td>\n<td align=\"center\">563,000<\/td>\n<\/tr>\n<tr>\n<td align=\"center\">VAQ. BRAHMAN PP BOZAL<\/td>\n<td align=\"center\">2<\/td>\n<td align=\"center\">2<\/td>\n<td align=\"center\">250,000<\/td>\n<td align=\"center\">200,000<\/td>\n<td align=\"center\">225,000<\/td>\n<\/tr>\n<tr>\n<td align=\"center\">VAQ. BRAFORD 3\/8 PP PRE\u00d1ADAS<\/td>\n<td align=\"center\">9<\/td>\n<td align=\"center\">9<\/td>\n<td align=\"center\">570,000<\/td>\n<td align=\"center\">150,000<\/td>\n<td align=\"center\">308,000<\/td>\n<\/tr>\n<tr>\n<td align=\"center\">VAQ. BRAFORD 3\/8 P\/ENTORAR<\/td>\n<td align=\"center\">98<\/td>\n<td align=\"center\">82<\/td>\n<td align=\"center\">250,000<\/td>\n<td align=\"center\">80,000<\/td>\n<td align=\"center\">94,000<\/td>\n<\/tr>\n<tr>\n<td align=\"center\">TERN. BRAHMAN PP<\/td>\n<td align=\"center\">1<\/td>\n<td align=\"center\">1<\/td>\n<td align=\"center\">180,000<\/td>\n<td align=\"center\">180,000<\/td>\n<td align=\"center\">180,000<\/td>\n<\/tr>\n<tr>\n<th align=\"center\">TOTALES HEMBRAS<\/th>\n<td align=\"center\"><\/td>\n<td align=\"center\"><\/td>\n<td align=\"center\"><\/td>\n<td align=\"center\"><\/td>\n<th align=\"center\">132,000<\/th>\n<\/tr>\n<\/tbody>\n<\/table>\n<\/div>\n<p>\n<p>Todo el equipo de Estancia La Pelada y Caba\u00f1a Marcaojo reiteramos nuestro agradecimiento a todos los amigos, familias y clientes, esperando que el a\u00f1o que viene nos podamos volver a reunir en persona en todas las exposiciones y los remates que tanto nos enorgullecen.<\/p>\n<\/div><div class=\"fusion-text fusion-no-medium-visibility fusion-no-large-visibility\"><p>Este pasado lunes 14 de septiembre tuvo lugar el segundo remate virtual de Estancia La Pelada y Caba\u00f1a Marcaojo \u00abLos Puros de La Pelada,\u00bb por nuestro sitio, por Canal Ganadero y por Canal Rural. Con un importante alcance regional e inclusive internacional, fueron vendidos casi 90 machos y 100 hembras de las razas Braford y Brahman con una alta participaci\u00f3n de animales puros de pedigree de ambas razas. Los promedios logrados nos dejaron muy conformes. Resultaron m\u00e1s de 60 compradores, la mayor\u00eda provenientes del norte argentino as\u00ed como de zonas menos tradicionales para el Braford como Necochea. Nos da mucho \u00e1nimo y orgullo que la gen\u00e9tica Marcaojo logre una mayor penetraci\u00f3n entre los productores de diferentes zonas del pa\u00eds, y que los compradores puedan apreciar las aptitudes carniceras del Braford. La presencia internacional incluy\u00f3 ofertantes de Colombia y Bolivia, el \u00faltimo de los cuales ser\u00e1 el destino de la ternera \u00abTemerosa\u00bb RP 11816, una hija de Amapola (l\u00ednea Adan), la Gran Campe\u00f3n Hembra en la Exposici\u00f3n Nacional Braford de Corrientes 2016.<\/p>\n<p>El remate abri\u00f3 con RP 7321, un hijo de Xpo con l\u00ednea materna Grandeur, logrando un precio de $580.000. Fue seguido por el toro Braford de precio m\u00e1s alto del remate, RP 3087, hijo de nuestro Gran Campe\u00f3n y Gran Padre Lagrimita, en $630.000. Los toros 3\/8 3 a\u00f1os a corral lograron precios de hasta $410.000 con un promedio de $245000. Los toros Brahman PP obtuvieron un precio promedio de $238.000.<\/p>\n<p>En cuanto a hembras, el valor m\u00e1s alto del remate lo obtuvo la antes mencionada ternera \u00abTemerosa\u00bb con $740.000 mientras que las vaquillonas Braford pre\u00f1adas a bozal obtuvieron un precio m\u00e1ximo de $570.000 y promedio de $308.000. Las hembras Brahman PP lograron precios entre $180.000 y $250.000 pesos. Las vaquillonas Braford a corral subieron a $250000 con un promedio de $95000.<\/p>\n<p>Todos los integrantes de La Pelada agradecemos la participaci\u00f3n y apoyo de todos los clientes y amigos que estuvieron presentes. La convocatoria del lunes nos dej\u00f3 muy conformes con la venta de la mayor\u00eda de los lotes a muy buenos precios. En cuanto a las condiciones de venta, se otorg\u00f3 un plazo de pago de hasta 180 d\u00edas con el 10% de inter\u00e9s.<\/p>\n<\/p>\n<div class=\"table-1\">\n<table width=\"100%\">\n<thead>\n<tr>\n<th colspan=\"3\" align=\"center\">Detalle<\/th>\n<\/tr>\n<\/thead>\n<tbody>\n<tr>\n<td colspan=\"3\" align=\"center\">TOROS BRAFORD 3\/8 &#8211; 3 A\u00d1OS<\/td>\n<\/tr>\n<tr>\n<th align=\"center\">M\u00e1ximo<\/th>\n<th align=\"center\">M\u00ednimo<\/th>\n<th align=\"center\">Promedio<\/th>\n<\/tr>\n<tr>\n<td align=\"center\">410,000<\/td>\n<td align=\"center\">190,000<\/td>\n<td align=\"center\">245,000<\/td>\n<\/tr>\n<tr>\n<td colspan=\"3\" align=\"center\">TOROS BRAFORD PP BOZAL<\/td>\n<\/tr>\n<tr>\n<th align=\"center\">M\u00e1ximo<\/th>\n<th align=\"center\">M\u00ednimo<\/th>\n<th align=\"center\">Promedio<\/th>\n<\/tr>\n<tr>\n<td align=\"center\">630,000<\/td>\n<td align=\"center\">270,000<\/td>\n<td align=\"center\">500,000<\/td>\n<\/tr>\n<tr>\n<td colspan=\"3\" align=\"center\">TOROS BRAHMAN PP<\/td>\n<\/tr>\n<tr>\n<th align=\"center\">M\u00e1ximo<\/th>\n<th align=\"center\">M\u00ednimo<\/th>\n<th align=\"center\">Promedio<\/th>\n<\/tr>\n<tr>\n<td align=\"center\">300,000<\/td>\n<td align=\"center\">200,000<\/td>\n<td align=\"center\">238,000<\/td>\n<\/tr>\n<tr>\n<td colspan=\"3\" align=\"center\">TOTALES MACHOS<\/td>\n<\/tr>\n<tr>\n<th align=\"center\"><\/th>\n<th align=\"center\">Promedio<\/th>\n<th align=\"center\"><\/th>\n<\/tr>\n<tr>\n<td align=\"center\"><\/td>\n<td align=\"center\">261,500<\/td>\n<td align=\"center\"><\/td>\n<\/tr>\n<tr>\n<td colspan=\"3\" align=\"center\">TERNERAS BRAFORD PP BOZAL<\/td>\n<\/tr>\n<tr>\n<th align=\"center\">M\u00e1ximo<\/th>\n<th align=\"center\">M\u00ednimo<\/th>\n<th align=\"center\">Promedio<\/th>\n<\/tr>\n<tr>\n<td align=\"center\">740,000<\/td>\n<td align=\"center\">350,000<\/td>\n<td align=\"center\">563,000<\/td>\n<\/tr>\n<tr>\n<td colspan=\"3\" align=\"center\">VAQ. BRAHMAN PP BOZAL<\/td>\n<\/tr>\n<tr>\n<th align=\"center\">M\u00e1ximo<\/th>\n<th align=\"center\">M\u00ednimo<\/th>\n<th align=\"center\">Promedio<\/th>\n<\/tr>\n<tr>\n<td align=\"center\">250,000<\/td>\n<td align=\"center\">200,000<\/td>\n<td align=\"center\">225,000<\/td>\n<\/tr>\n<tr>\n<td colspan=\"3\" align=\"center\">VAQ. BRAFORD 3\/8 P\u00d1 PP<\/td>\n<\/tr>\n<tr>\n<th align=\"center\">M\u00e1ximo<\/th>\n<th align=\"center\">M\u00ednimo<\/th>\n<th align=\"center\">Promedio<\/th>\n<\/tr>\n<tr>\n<td align=\"center\">570,000<\/td>\n<td align=\"center\">150,000<\/td>\n<td align=\"center\">308,000<\/td>\n<\/tr>\n<tr>\n<td colspan=\"3\" align=\"center\">VAQ. BRAFORD 3\/8 P\/ENTORAR<\/td>\n<\/tr>\n<tr>\n<th align=\"center\">M\u00e1ximo<\/th>\n<th align=\"center\">M\u00ednimo<\/th>\n<th align=\"center\">Promedio<\/th>\n<\/tr>\n<tr>\n<td align=\"center\">250,000<\/td>\n<td align=\"center\">80,000<\/td>\n<td align=\"center\">94,000<\/td>\n<\/tr>\n<tr>\n<td colspan=\"3\" align=\"center\">TERNERAS BRAHMAN PP<\/td>\n<\/tr>\n<tr>\n<th align=\"center\">M\u00e1ximo<\/th>\n<th align=\"center\">M\u00ednimo<\/th>\n<th align=\"center\">Promedio<\/th>\n<\/tr>\n<tr>\n<td align=\"center\">430,000<\/td>\n<td align=\"center\">180,000<\/td>\n<td align=\"center\">180,000<\/td>\n<\/tr>\n<tr>\n<td colspan=\"3\" align=\"center\">TOTALES HEMBRAS<\/td>\n<\/tr>\n<tr>\n<th align=\"center\"><\/th>\n<th align=\"center\">Promedio<\/th>\n<th align=\"center\"><\/th>\n<\/tr>\n<tr>\n<td align=\"center\"><\/td>\n<td align=\"center\">132,000<\/td>\n<td align=\"center\"><\/td>\n<\/tr>\n<\/tbody>\n<\/table>\n<\/div>\n<p>\n<p>Todo el equipo de Estancia La Pelada y Caba\u00f1a Marcaojo reiteramos nuestro agradecimiento a todos los amigos, familias y clientes, esperando que el a\u00f1o que viene nos podamos volver a reunir en persona en todas las exposiciones y los remates que tanto nos enorgullecen.<\/p>\n<\/div><div class=\"fusion-clearfix\"><\/div>\n\n\t\t\t\t\t<\/div>\n\t\t\t\t<\/div><div  class=\"fusion-layout-column fusion_builder_column fusion_builder_column_1_6 fusion-builder-column-5 fusion-one-sixth fusion-column-last 1_6\"  style='margin-top:0px;margin-bottom:50px;width:16.66%;width:calc(16.66% - ( ( 4% + 4% ) * 0.1666 ) );'>\n\t\t\t\t\t<div class=\"fusion-column-wrapper\" style=\"padding: 0px 0px 0px 0px;background-position:left top;background-repeat:no-repeat;-webkit-background-size:cover;-moz-background-size:cover;-o-background-size:cover;background-size:cover;\"   data-bg-url=\"\">\n\t\t\t\t\t\t<div class=\"fusion-clearfix\"><\/div>\n\n\t\t\t\t\t<\/div>\n\t\t\t\t<\/div><\/div><\/div><div class=\"fusion-bg-parallax\"  data-bg-align=\"center center\" data-direction=\"up\" data-mute=\"false\" data-opacity=\"100\" data-velocity=\"-0.3\" data-mobile-enabled=\"false\" data-break_parents=\"0\" data-bg-image=\"https:\/\/estancialapelada.com\/site\/wp-content\/uploads\/2020\/06\/DSC_7805_dark_2-1024x681.jpg\" data-bg-repeat=\"false\" data-bg-color=\"rgba(0,0,0,0.5)\" data-blend-mode=\"overlay\" data-bg-height=\"\" data-bg-width=\"\"><\/div><div class=\"fusion-fullwidth fullwidth-box fusion-builder-row-4 fusion-parallax-up nonhundred-percent-fullwidth non-hundred-percent-height-scrolling lazyload\"  style='background-color: rgba(0,0,0,0.5);background-position: center center;background-repeat: no-repeat;background-blend-mode: overlay;padding-top:100px;padding-right:0px;padding-bottom:10px;padding-left:0px;border-top-width:0px;border-bottom-width:0px;border-color:rgba(0,0,0,0.69);border-top-style:solid;border-bottom-style:solid;-webkit-background-size:cover;-moz-background-size:cover;-o-background-size:cover;background-size:cover;' data-bg=\"https:\/\/estancialapelada.com\/site\/wp-content\/uploads\/2020\/06\/DSC_7805_dark_2-1024x681.jpg\"><div class=\"fusion-builder-row fusion-row \"><div  class=\"fusion-layout-column fusion_builder_column fusion_builder_column_1_1 fusion-builder-column-6 fusion-one-full fusion-column-first fusion-column-last 1_1\"  style='margin-top:0px;margin-bottom:50px;'>\n\t\t\t\t\t<div class=\"fusion-column-wrapper\" style=\"padding: 0% 15% 0% 15%;background-position:left top;background-repeat:no-repeat;-webkit-background-size:cover;-moz-background-size:cover;-o-background-size:cover;background-size:cover;\"   data-bg-url=\"\">\n\t\t\t\t\t\t<style type=\"text\/css\"><\/style><div class=\"fusion-title title fusion-title-3 fusion-sep-none fusion-title-center fusion-title-text fusion-title-size-three\" style=\"margin-top:0px;margin-bottom:20px;\"><h3 class=\"title-heading-center\" style=\"margin:0;\">INFORMES \/ SUSCRIPCIONES A NUESTRO MAILING<\/h3><\/div><div class=\"fusion-sep-clear\"><\/div><div class=\"fusion-separator fusion-full-width-sep sep-none\" style=\"margin-left: auto;margin-right: auto;margin-top:15px;\"><\/div><div role=\"form\" class=\"wpcf7\" id=\"wpcf7-f5-o1\" lang=\"es-ES\" dir=\"ltr\">\n<div class=\"screen-reader-response\"><p role=\"status\" aria-live=\"polite\" aria-atomic=\"true\"><\/p> <ul><\/ul><\/div>\n<form action=\"\/site\/wp-json\/wp\/v2\/pages\/2703#wpcf7-f5-o1\" method=\"post\" class=\"wpcf7-form init\" novalidate=\"novalidate\" data-status=\"init\">\n<div style=\"display: none;\">\n<input type=\"hidden\" name=\"_wpcf7\" value=\"5\" \/>\n<input type=\"hidden\" name=\"_wpcf7_version\" value=\"5.6\" \/>\n<input type=\"hidden\" name=\"_wpcf7_locale\" value=\"es_ES\" \/>\n<input type=\"hidden\" name=\"_wpcf7_unit_tag\" value=\"wpcf7-f5-o1\" \/>\n<input type=\"hidden\" name=\"_wpcf7_container_post\" value=\"0\" \/>\n<input type=\"hidden\" name=\"_wpcf7_posted_data_hash\" value=\"\" \/>\n<\/div>\n<p><label> Tu nombre (requerido)<br \/>\n    <span class=\"wpcf7-form-control-wrap\" data-name=\"your-name\"><input type=\"text\" name=\"your-name\" value=\"\" size=\"40\" class=\"wpcf7-form-control wpcf7-text wpcf7-validates-as-required\" aria-required=\"true\" aria-invalid=\"false\" \/><\/span> <\/label><\/p>\n<p><label> Tu correo electr\u00f3nico (requerido)<br \/>\n    <span class=\"wpcf7-form-control-wrap\" data-name=\"your-email\"><input type=\"email\" name=\"your-email\" value=\"\" size=\"40\" class=\"wpcf7-form-control wpcf7-text wpcf7-email wpcf7-validates-as-required wpcf7-validates-as-email\" aria-required=\"true\" aria-invalid=\"false\" \/><\/span> <\/label><\/p>\n<p><label> Tel\u00e9fono Celular (requerido)<br \/>\n    <span class=\"wpcf7-form-control-wrap\" data-name=\"your-phone\"><input type=\"text\" name=\"your-phone\" value=\"\" size=\"40\" class=\"wpcf7-form-control wpcf7-text wpcf7-validates-as-required\" aria-required=\"true\" aria-invalid=\"false\" \/><\/span> <\/label><\/p>\n<p><label> Asunto<br \/>\n    <span class=\"wpcf7-form-control-wrap\" data-name=\"your-subject\"><input type=\"text\" name=\"your-subject\" value=\"\" size=\"40\" class=\"wpcf7-form-control wpcf7-text\" aria-invalid=\"false\" \/><\/span> <\/label><\/p>\n<p><label> Establecimiento<br \/>\n    <span class=\"wpcf7-form-control-wrap\" data-name=\"your-farm\"><input type=\"text\" name=\"your-farm\" value=\"\" size=\"40\" class=\"wpcf7-form-control wpcf7-text\" aria-invalid=\"false\" \/><\/span> <\/label><\/p>\n<p><label> Ubicaci\u00f3n<br \/>\n    <span class=\"wpcf7-form-control-wrap\" data-name=\"your-location\"><input type=\"text\" name=\"your-location\" value=\"\" size=\"40\" class=\"wpcf7-form-control wpcf7-text\" aria-invalid=\"false\" \/><\/span> <\/label><\/p>\n<p><label> Comentarios o mensaje<br \/>\n    <span class=\"wpcf7-form-control-wrap\" data-name=\"your-message\"><textarea name=\"your-message\" cols=\"40\" rows=\"10\" class=\"wpcf7-form-control wpcf7-textarea\" aria-invalid=\"false\"><\/textarea><\/span> <\/label><\/p>\n<p><span id=\"wpcf7-6a06e9550e625-wrapper\" class=\"wpcf7-form-control-wrap honeypot-trap-wrap\" style=\"display:none !important; visibility:hidden !important;\"><input type=\"hidden\" name=\"honeypot-trap-time-start\" value=\"1778837845\"><input type=\"hidden\" name=\"honeypot-trap-time-check\" value=\"4\"><label for=\"wpcf7-6a06e9550e625-field\" class=\"hp-message\">Por favor, deja este campo vac\u00edo.<\/label><input id=\"wpcf7-6a06e9550e625-field\"  class=\"wpcf7-form-control wpcf7-text\" type=\"text\" name=\"honeypot-trap\" value=\"\" size=\"40\" tabindex=\"-1\" autocomplete=\"new-password\" \/><\/span><\/p>\n<p><input type=\"submit\" value=\"Enviar\" class=\"wpcf7-form-control has-spinner wpcf7-submit\" \/><\/p>\n<div class=\"fusion-alert alert custom alert-custom fusion-alert-center wpcf7-response-output fusion-alert-capitalize alert-dismissable\" style=\"border-width:1px;\"><button type=\"button\" class=\"close toggle-alert\" data-dismiss=\"alert\" aria-hidden=\"true\">&times;<\/button><div class=\"fusion-alert-content-wrapper\"><span class=\"fusion-alert-content\"><\/span><\/div><\/div><\/form><\/div><div class=\"fusion-clearfix\"><\/div>\n\n\t\t\t\t\t<\/div>\n\t\t\t\t<\/div><\/div><\/div><\/p>\n","protected":false},"excerpt":{"rendered":"","protected":false},"author":1,"featured_media":0,"parent":0,"menu_order":0,"comment_status":"closed","ping_status":"closed","template":"100-width.php","meta":[],"_links":{"self":[{"href":"https:\/\/estancialapelada.com\/site\/wp-json\/wp\/v2\/pages\/2703"}],"collection":[{"href":"https:\/\/estancialapelada.com\/site\/wp-json\/wp\/v2\/pages"}],"about":[{"href":"https:\/\/estancialapelada.com\/site\/wp-json\/wp\/v2\/types\/page"}],"author":[{"embeddable":true,"href":"https:\/\/estancialapelada.com\/site\/wp-json\/wp\/v2\/users\/1"}],"replies":[{"embeddable":true,"href":"https:\/\/estancialapelada.com\/site\/wp-json\/wp\/v2\/comments?post=2703"}],"version-history":[{"count":7,"href":"https:\/\/estancialapelada.com\/site\/wp-json\/wp\/v2\/pages\/2703\/revisions"}],"predecessor-version":[{"id":2719,"href":"https:\/\/estancialapelada.com\/site\/wp-json\/wp\/v2\/pages\/2703\/revisions\/2719"}],"wp:attachment":[{"href":"https:\/\/estancialapelada.com\/site\/wp-json\/wp\/v2\/media?parent=2703"}],"curies":[{"name":"wp","href":"https:\/\/api.w.org\/{rel}","templated":true}]}}